{"id":17899,"date":"2026-04-15T11:18:14","date_gmt":"2026-04-15T09:18:14","guid":{"rendered":"https:\/\/pasjawedkarstwa.pl\/?product=zfish-sztyca-do-podbieraka-tactical-4-0m"},"modified":"2026-04-15T11:18:14","modified_gmt":"2026-04-15T09:18:14","slug":"zfish-sztyca-do-podbieraka-tactical-4-0m","status":"publish","type":"product","link":"https:\/\/pasjawedkarstwa.pl\/?product=zfish-sztyca-do-podbieraka-tactical-4-0m","title":{"rendered":"ZFISH Sztyca do Podbieraka Tactical 4.0m"},"content":{"rendered":"","protected":false},"excerpt":{"rendered":"<p><iframe width=\"560\" height=\"315\" src=\"https:\/\/www.youtube.com\/embed\/j7mvMbFXXyo?si=_mbiqR-SPR8X0v9L\" title=\"YouTube video player\" frameborder=\"0\" allow=\"accelerometer; autoplay; clipboard-write; encrypted-media; gyroscope; picture-in-picture; web-share\" referrerpolicy=\"strict-origin-when-cross-origin\" allowfullscreen><\/iframe><\/p>\n<p>ZFISH Tactical to premiumowa tyczka podbieraka, przeznaczona dla w\u0119dkarzy, kt\u00f3rzy nie chc\u0105 i\u015b\u0107 na kompromisy. Wykonana z wysokiej jako\u015bci w\u0119gla 30T, oferuje maksymaln\u0105 wytrzyma\u0142o\u015b\u0107, nisk\u0105 wag\u0119 i doskona\u0142\u0105 kontrol\u0119. Konstrukcja segmentowa zapewnia wi\u0119ksz\u0105 sztywno\u015b\u0107 i lepsze przenoszenie si\u0142y przy podbieraniu ryb, co doceni\u0105 zw\u0142aszcza osoby \u0142owi\u0105ce wi\u0119ksze okazy lub w trudnych warunkach. Ka\u017cdy detal tej tyczki zosta\u0142 zaprojektowany z my\u015bl\u0105 o wydajno\u015bci, trwa\u0142o\u015bci i d\u0142ugiej \u017cywotno\u015bci. Du\u017c\u0105 zalet\u0105 s\u0105 gwinty na dw\u00f3ch segmentach, co pozwala wygodnie wybra\u0107 mi\u0119dzy tyczk\u0105 o d\u0142ugo\u015bci 2,75 m lub 4 m. Tactical to oczywisty wyb\u00f3r dla wymagaj\u0105cych w\u0119dkarzy, kt\u00f3rzy chc\u0105 najlepszego wyposa\u017cenia do podbierania trofeowych ryb.<\/p>\n<p><strong>G\u0142\u00f3wne zalety:<\/strong><\/p>\n<ul>\n<li>W\u0119giel 30T \u2013 maksymalna wytrzyma\u0142o\u015b\u0107 i niska waga<\/li>\n<li>Konstrukcja segmentowa dla wi\u0119kszej sztywno\u015bci i kontroli<\/li>\n<li>Gwint do mocowania g\u0142\u00f3wki podbieraka w pierwszym i \u015brodkowym segmencie<\/li>\n<li>Premiumowe wykonanie<\/li>\n<li>Idealna do du\u017cych ryb<\/li>\n<li>Maksymalna niezawodno\u015b\u0107 bez kompromis\u00f3w<\/li>\n<\/ul>\n<p><strong>Specyfikacja techniczna:<\/strong><\/p>\n<ul>\n<li>D\u0142ugo\u015b\u0107:\u00a04m<\/li>\n<li>Sekcje: 3<\/li>\n<li>Waga: 370g<\/li>\n<li>D\u0142ugo\u015b\u0107 transportowa:\u00a0 145cm<\/li>\n<\/ul>\n","protected":false},"featured_media":17898,"comment_status":"open","ping_status":"closed","template":"","meta":{"inline_featured_image":false},"product_brand":[],"product_cat":[1308],"product_tag":[1440],"class_list":{"0":"post-17899","1":"product","2":"type-product","3":"status-publish","4":"has-post-thumbnail","6":"product_cat-sztyce-2","7":"product_tag-sztyce","9":"first","10":"instock","11":"taxable","12":"shipping-taxable","13":"purchasable","14":"product-type-simple"},"_links":{"self":[{"href":"https:\/\/pasjawedkarstwa.pl\/index.php?rest_route=\/wp\/v2\/product\/17899","targetHints":{"allow":["GET"]}}],"collection":[{"href":"https:\/\/pasjawedkarstwa.pl\/index.php?rest_route=\/wp\/v2\/product"}],"about":[{"href":"https:\/\/pasjawedkarstwa.pl\/index.php?rest_route=\/wp\/v2\/types\/product"}],"replies":[{"embeddable":true,"href":"https:\/\/pasjawedkarstwa.pl\/index.php?rest_route=%2Fwp%2Fv2%2Fcomments&post=17899"}],"wp:featuredmedia":[{"embeddable":true,"href":"https:\/\/pasjawedkarstwa.pl\/index.php?rest_route=\/wp\/v2\/media\/17898"}],"wp:attachment":[{"href":"https:\/\/pasjawedkarstwa.pl\/index.php?rest_route=%2Fwp%2Fv2%2Fmedia&parent=17899"}],"wp:term":[{"taxonomy":"product_brand","embeddable":true,"href":"https:\/\/pasjawedkarstwa.pl\/index.php?rest_route=%2Fwp%2Fv2%2Fproduct_brand&post=17899"},{"taxonomy":"product_cat","embeddable":true,"href":"https:\/\/pasjawedkarstwa.pl\/index.php?rest_route=%2Fwp%2Fv2%2Fproduct_cat&post=17899"},{"taxonomy":"product_tag","embeddable":true,"href":"https:\/\/pasjawedkarstwa.pl\/index.php?rest_route=%2Fwp%2Fv2%2Fproduct_tag&post=17899"}],"curies":[{"name":"wp","href":"https:\/\/api.w.org\/{rel}","templated":true}]}}