{"id":17901,"date":"2026-04-15T12:05:48","date_gmt":"2026-04-15T10:05:48","guid":{"rendered":"http:\/\/pasjawedkarstwa.pl\/?product=zfish-sztyca-do-podbieraka-spectra-tele-3-0m"},"modified":"2026-04-15T12:05:48","modified_gmt":"2026-04-15T10:05:48","slug":"zfish-sztyca-do-podbieraka-spectra-tele-3-0m","status":"publish","type":"product","link":"https:\/\/pasjawedkarstwa.pl\/?product=zfish-sztyca-do-podbieraka-spectra-tele-3-0m","title":{"rendered":"ZFISH Sztyca do Podbieraka Spectra Tele 3.0m"},"content":{"rendered":"","protected":false},"excerpt":{"rendered":"<p>Spectra to wysokiej jako\u015bci teleskopowa tyczka podbieraka, przeznaczona dla wymagaj\u0105cych w\u0119dkarzy, kt\u00f3rzy oczekuj\u0105 wi\u0119kszej wytrzyma\u0142o\u015bci, lepszego wykonania i maksymalnej niezawodno\u015bci. Dzi\u0119ki wysokiej jako\u015bci blankowi z w\u0142\u00f3kna w\u0119glowego oferuje idealne po\u0142\u0105czenie niskiej wagi i du\u017cej trwa\u0142o\u015bci. Konstrukcja teleskopowa zapewnia szybkie u\u017cycie przy jednoczesnym zachowaniu kompaktowych rozmiar\u00f3w transportowych. Spectra poradzi sobie r\u00f3wnie\u017c z wi\u0119kszymi rybami i wymagaj\u0105cymi warunkami, zar\u00f3wno na wodach stoj\u0105cych, jak i w nurcie. Spectra to idealny wyb\u00f3r dla w\u0119dkarzy, kt\u00f3rzy chc\u0105 podnie\u015b\u0107 poziom swojego wyposa\u017cenia i mie\u0107 pewno\u015b\u0107 w ka\u017cdej sytuacji.<\/p>\n<p><strong>G\u0142\u00f3wne zalety:<\/strong><\/p>\n<ul>\n<li>Wysokiej jako\u015bci konstrukcja w\u0119glowa<\/li>\n<li>Zwi\u0119kszona wytrzyma\u0142o\u015b\u0107 i trwa\u0142o\u015b\u0107<\/li>\n<li>Niska waga<\/li>\n<li>Konstrukcja teleskopowa do szybkiego u\u017cycia<\/li>\n<li>Odpowiednia dla wymagaj\u0105cych w\u0119dkarzy<\/li>\n<\/ul>\n<p><strong>Specyfikacja techniczna:<\/strong><\/p>\n<ul>\n<li>D\u0142ugo\u015b\u0107: 3 m<\/li>\n<li>Waga: 320g<\/li>\n<li>D\u0142ugo\u015b\u0107 transportowa:\u00a0 110cm<\/li>\n<\/ul>\n","protected":false},"featured_media":17900,"comment_status":"open","ping_status":"closed","template":"","meta":{"inline_featured_image":false},"product_brand":[],"product_cat":[1308],"product_tag":[1440],"class_list":{"0":"post-17901","1":"product","2":"type-product","3":"status-publish","4":"has-post-thumbnail","6":"product_cat-sztyce-2","7":"product_tag-sztyce","9":"first","10":"instock","11":"taxable","12":"shipping-taxable","13":"purchasable","14":"product-type-simple"},"_links":{"self":[{"href":"https:\/\/pasjawedkarstwa.pl\/index.php?rest_route=\/wp\/v2\/product\/17901","targetHints":{"allow":["GET"]}}],"collection":[{"href":"https:\/\/pasjawedkarstwa.pl\/index.php?rest_route=\/wp\/v2\/product"}],"about":[{"href":"https:\/\/pasjawedkarstwa.pl\/index.php?rest_route=\/wp\/v2\/types\/product"}],"replies":[{"embeddable":true,"href":"https:\/\/pasjawedkarstwa.pl\/index.php?rest_route=%2Fwp%2Fv2%2Fcomments&post=17901"}],"wp:featuredmedia":[{"embeddable":true,"href":"https:\/\/pasjawedkarstwa.pl\/index.php?rest_route=\/wp\/v2\/media\/17900"}],"wp:attachment":[{"href":"https:\/\/pasjawedkarstwa.pl\/index.php?rest_route=%2Fwp%2Fv2%2Fmedia&parent=17901"}],"wp:term":[{"taxonomy":"product_brand","embeddable":true,"href":"https:\/\/pasjawedkarstwa.pl\/index.php?rest_route=%2Fwp%2Fv2%2Fproduct_brand&post=17901"},{"taxonomy":"product_cat","embeddable":true,"href":"https:\/\/pasjawedkarstwa.pl\/index.php?rest_route=%2Fwp%2Fv2%2Fproduct_cat&post=17901"},{"taxonomy":"product_tag","embeddable":true,"href":"https:\/\/pasjawedkarstwa.pl\/index.php?rest_route=%2Fwp%2Fv2%2Fproduct_tag&post=17901"}],"curies":[{"name":"wp","href":"https:\/\/api.w.org\/{rel}","templated":true}]}}