{"id":17923,"date":"2026-04-15T12:13:08","date_gmt":"2026-04-15T10:13:08","guid":{"rendered":"https:\/\/pasjawedkarstwa.pl\/?product=zfish-sztyca-do-podbieraka-aero-grip-travel-handle-2-70m"},"modified":"2026-04-15T12:13:08","modified_gmt":"2026-04-15T10:13:08","slug":"zfish-sztyca-do-podbieraka-aero-grip-travel-handle-2-70m","status":"publish","type":"product","link":"https:\/\/pasjawedkarstwa.pl\/?product=zfish-sztyca-do-podbieraka-aero-grip-travel-handle-2-70m","title":{"rendered":"ZFISH Sztyca do Podbieraka Aero Grip Travel Handle 2.70m"},"content":{"rendered":"","protected":false},"excerpt":{"rendered":"<p><iframe width=\"560\" height=\"315\" src=\"https:\/\/www.youtube.com\/embed\/KIgM7hBxw3s?si=XHFMARUuG15SYI2Q\" title=\"YouTube video player\" frameborder=\"0\" allow=\"accelerometer; autoplay; clipboard-write; encrypted-media; gyroscope; picture-in-picture; web-share\" referrerpolicy=\"strict-origin-when-cross-origin\" allowfullscreen><\/iframe><\/p>\n<p>AeroGrip to teleskopowa tyczka podbieraka, zaprojektowana dla w\u0119dkarzy, kt\u00f3rzy ceni\u0105 kompaktowo\u015b\u0107, nisk\u0105 wag\u0119 i praktyczno\u015b\u0107. Wykonana z wysokiej jako\u015bci w\u0142\u00f3kna w\u0119glowego, oferuje idealne po\u0142\u0105czenie wytrzyma\u0142o\u015bci i lekko\u015bci dla komfortowej obs\u0142ugi przy ka\u017cdym podbieraniu. G\u0142\u00f3wn\u0105 zalet\u0105 jest ekstremalnie kompaktowa d\u0142ugo\u015b\u0107 transportowa, dzi\u0119ki kt\u00f3rej zmie\u015bci si\u0119 bez problemu w plecaku lub mniejszym zestawie. Jest to idealny wyb\u00f3r dla mobilnych w\u0119dkarzy, kt\u00f3rzy cz\u0119sto si\u0119 przemieszczaj\u0105 i chc\u0105 mie\u0107 sprz\u0119t jak najl\u017cejszy i najefektywniejszy. Konstrukcja teleskopowa umo\u017cliwia szybkie roz\u0142o\u017cenie i z\u0142o\u017cenie, dzi\u0119ki czemu zawsze jeste\u015b gotowy do natychmiastowego dzia\u0142ania nad wod\u0105. AeroGrip jest idealny dla wszystkich, kt\u00f3rzy chc\u0105 maksymalnej mobilno\u015bci bez kompromis\u00f3w w jako\u015bci i niezawodno\u015bci.<\/p>\n<p><strong>G\u0142\u00f3wne zalety:<\/strong><\/p>\n<ul>\n<li>Wysokiej jako\u015bci konstrukcja z w\u0142\u00f3kna w\u0119glowego<\/li>\n<li>Ekstremalnie kompaktowe wymiary transportowe<\/li>\n<li>\u0141atwo mie\u015bci si\u0119 w plecaku<\/li>\n<li>Niska waga i \u0142atwa obs\u0142uga<\/li>\n<li>Szybkie roz\u0142o\u017cenie dzi\u0119ki systemowi teleskopowemu<\/li>\n<\/ul>\n<p><strong>Specyfikacja techniczna:<\/strong><\/p>\n<ul>\n<li>D\u0142ugo\u015b\u0107: 2,7 m<\/li>\n<li>Waga: 230g<\/li>\n<li>D\u0142ugo\u015b\u0107 transportowa:\u00a0 65cm<\/li>\n<\/ul>\n","protected":false},"featured_media":17922,"comment_status":"open","ping_status":"closed","template":"","meta":{"inline_featured_image":false},"product_brand":[],"product_cat":[1565],"product_tag":[1566],"class_list":{"0":"post-17923","1":"product","2":"type-product","3":"status-publish","4":"has-post-thumbnail","6":"product_cat-nowosci","7":"product_tag-nowosci","9":"first","10":"instock","11":"taxable","12":"shipping-taxable","13":"purchasable","14":"product-type-simple"},"_links":{"self":[{"href":"https:\/\/pasjawedkarstwa.pl\/index.php?rest_route=\/wp\/v2\/product\/17923","targetHints":{"allow":["GET"]}}],"collection":[{"href":"https:\/\/pasjawedkarstwa.pl\/index.php?rest_route=\/wp\/v2\/product"}],"about":[{"href":"https:\/\/pasjawedkarstwa.pl\/index.php?rest_route=\/wp\/v2\/types\/product"}],"replies":[{"embeddable":true,"href":"https:\/\/pasjawedkarstwa.pl\/index.php?rest_route=%2Fwp%2Fv2%2Fcomments&post=17923"}],"wp:featuredmedia":[{"embeddable":true,"href":"https:\/\/pasjawedkarstwa.pl\/index.php?rest_route=\/wp\/v2\/media\/17922"}],"wp:attachment":[{"href":"https:\/\/pasjawedkarstwa.pl\/index.php?rest_route=%2Fwp%2Fv2%2Fmedia&parent=17923"}],"wp:term":[{"taxonomy":"product_brand","embeddable":true,"href":"https:\/\/pasjawedkarstwa.pl\/index.php?rest_route=%2Fwp%2Fv2%2Fproduct_brand&post=17923"},{"taxonomy":"product_cat","embeddable":true,"href":"https:\/\/pasjawedkarstwa.pl\/index.php?rest_route=%2Fwp%2Fv2%2Fproduct_cat&post=17923"},{"taxonomy":"product_tag","embeddable":true,"href":"https:\/\/pasjawedkarstwa.pl\/index.php?rest_route=%2Fwp%2Fv2%2Fproduct_tag&post=17923"}],"curies":[{"name":"wp","href":"https:\/\/api.w.org\/{rel}","templated":true}]}}