{"id":17930,"date":"2026-04-15T12:13:18","date_gmt":"2026-04-15T10:13:18","guid":{"rendered":"https:\/\/pasjawedkarstwa.pl\/?product=zfish-pudelko-na-przypony-method-rig-case-150"},"modified":"2026-04-15T12:13:18","modified_gmt":"2026-04-15T10:13:18","slug":"zfish-pudelko-na-przypony-method-rig-case-150","status":"publish","type":"product","link":"https:\/\/pasjawedkarstwa.pl\/?product=zfish-pudelko-na-przypony-method-rig-case-150","title":{"rendered":"ZFISH Pude\u0142ko na przypony Method Rig Case 150"},"content":{"rendered":"","protected":false},"excerpt":{"rendered":"<p>Praktyczne pude\u0142ko specjalnie zaprojektowane do przechowywania zestaw\u00f3w method feeder, kt\u00f3re pomaga utrzyma\u0107 wszystkie zestawy w idealnym porz\u0105dku i gotowe do natychmiastowego u\u017cycia. Wn\u0119trze umo\u017cliwia bezpieczne umocowanie zestaw\u00f3w bez ryzyka spl\u0105tania lub uszkodzenia. Dzi\u0119ki temu zawsze masz pe\u0142en przegl\u0105d i mo\u017cesz szybko reagowa\u0107 na warunki nad wod\u0105. Solidna konstrukcja chroni zestawy podczas transportu, a kompaktowe wymiary u\u0142atwiaj\u0105 przechowywanie w torbie lub plecaku.<\/p>\n<p><strong>G\u0142\u00f3wne zalety:<\/strong><\/p>\n<ul>\n<li>Przejrzyste przechowywanie zestaw\u00f3w method feeder<\/li>\n<li>Ochrona przed spl\u0105taniem i uszkodzeniem<\/li>\n<li>Szybki dost\u0119p do gotowych zestaw\u00f3w<\/li>\n<li>Kompaktowe wymiary u\u0142atwiaj\u0105ce transport<\/li>\n<li>Trwa\u0142a konstrukcja zapewniaj\u0105ca d\u0142ug\u0105 \u017cywotno\u015b\u0107<\/li>\n<\/ul>\n<p><strong>Wymiary pude\u0142ka:<\/strong><\/p>\n<ul>\n<li>Odpowiednie dla zestaw\u00f3w o d\u0142ugo\u015bci: 15cm<\/li>\n<li>Pojemno\u015b\u0107: do 150 zestaw\u00f3w<\/li>\n<li>Wymiary: 19x10x3 cm<\/li>\n<\/ul>\n","protected":false},"featured_media":17929,"comment_status":"open","ping_status":"closed","template":"","meta":{"inline_featured_image":false},"product_brand":[],"product_cat":[1322],"product_tag":[1454],"class_list":{"0":"post-17930","1":"product","2":"type-product","3":"status-publish","4":"has-post-thumbnail","6":"product_cat-piorniki-na-przypony-2","7":"product_tag-piorniki-na-przypony","9":"first","10":"instock","11":"taxable","12":"shipping-taxable","13":"purchasable","14":"product-type-simple"},"_links":{"self":[{"href":"https:\/\/pasjawedkarstwa.pl\/index.php?rest_route=\/wp\/v2\/product\/17930","targetHints":{"allow":["GET"]}}],"collection":[{"href":"https:\/\/pasjawedkarstwa.pl\/index.php?rest_route=\/wp\/v2\/product"}],"about":[{"href":"https:\/\/pasjawedkarstwa.pl\/index.php?rest_route=\/wp\/v2\/types\/product"}],"replies":[{"embeddable":true,"href":"https:\/\/pasjawedkarstwa.pl\/index.php?rest_route=%2Fwp%2Fv2%2Fcomments&post=17930"}],"wp:featuredmedia":[{"embeddable":true,"href":"https:\/\/pasjawedkarstwa.pl\/index.php?rest_route=\/wp\/v2\/media\/17929"}],"wp:attachment":[{"href":"https:\/\/pasjawedkarstwa.pl\/index.php?rest_route=%2Fwp%2Fv2%2Fmedia&parent=17930"}],"wp:term":[{"taxonomy":"product_brand","embeddable":true,"href":"https:\/\/pasjawedkarstwa.pl\/index.php?rest_route=%2Fwp%2Fv2%2Fproduct_brand&post=17930"},{"taxonomy":"product_cat","embeddable":true,"href":"https:\/\/pasjawedkarstwa.pl\/index.php?rest_route=%2Fwp%2Fv2%2Fproduct_cat&post=17930"},{"taxonomy":"product_tag","embeddable":true,"href":"https:\/\/pasjawedkarstwa.pl\/index.php?rest_route=%2Fwp%2Fv2%2Fproduct_tag&post=17930"}],"curies":[{"name":"wp","href":"https:\/\/api.w.org\/{rel}","templated":true}]}}