{"id":17932,"date":"2026-04-15T12:13:21","date_gmt":"2026-04-15T10:13:21","guid":{"rendered":"https:\/\/pasjawedkarstwa.pl\/?product=zfish-pojemnik-na-przynety-bait-box-m-125-l"},"modified":"2026-04-15T12:13:21","modified_gmt":"2026-04-15T10:13:21","slug":"zfish-pojemnik-na-przynety-bait-box-m-125-l","status":"publish","type":"product","link":"https:\/\/pasjawedkarstwa.pl\/?product=zfish-pojemnik-na-przynety-bait-box-m-125-l","title":{"rendered":"ZFISH Pojemnik na przyn\u0119ty Bait Box M \u2013 1,25 L"},"content":{"rendered":"","protected":false},"excerpt":{"rendered":"<p>Pude\u0142ko na przyn\u0119ty ZFISH Bait Box M to idealne narz\u0119dzie dla w\u0119dkarzy, kt\u00f3rzy chc\u0105 mie\u0107 przyn\u0119ty uporz\u0105dkowane, \u015bwie\u017ce i pod r\u0119k\u0105. To wytrzyma\u0142e pude\u0142ko zosta\u0142o zaprojektowane z my\u015bl\u0105 o potrzebach zar\u00f3wno w\u0119dkarzy \u0142owi\u0105cych metod\u0105 feederow\u0105, jak i metod\u0105 feederow\u0105, a tak\u017ce przeci\u0119tnych entuzjast\u00f3w. Pude\u0142ko zawiera r\u00f3wnie\u017c praktyczn\u0105 wk\u0142adk\u0119, kt\u00f3ra u\u0142atwia przygotowanie ulubionych przyn\u0119t. Idealne do moczenia pelletu, ale r\u00f3wnie\u017c do przechowywania mieszanek przyn\u0119t, konserwowania lub przesiewania robak\u00f3w.<\/p>\n<p><strong>Funkcjonalny i praktyczny design<\/strong><\/p>\n<ul>\n<li>Wykonany z solidnego plastiku, kt\u00f3ry jest lekki, odporny na uderzenia i \u0142atwy do czyszczenia.<\/li>\n<li>Dobrze dopasowana pokrywka bezpiecznie utrzymuje przyn\u0119t\u0119 w \u015brodku i minimalizuje wyciekanie p\u0142yn\u00f3w i zapach\u00f3w.<\/li>\n<li>Pude\u0142ko ma perforowan\u0105 pokryw\u0119, dzi\u0119ki czemu idealnie nadaje si\u0119 do przechowywania \u017cywej przyn\u0119ty (robak\u00f3w, d\u017cd\u017cownic), kt\u00f3ra dzi\u0119ki temu ma zapewniony dop\u0142yw powietrza.<\/li>\n<li>Pokrywa jest wyprofilowana w taki spos\u00f3b, aby nie ulega\u0142a odkszta\u0142ceniom i zapewnia\u0142a szczelno\u015b\u0107 nawet przy intensywnym u\u017cytkowaniu.<\/li>\n<li>Doskonale nadaje si\u0119 do r\u00f3\u017cnych typ\u00f3w przyn\u0119t &#8211; od \u017cywych robak\u00f3w po peletki, kukurydz\u0119 i inne ma\u0142e przyn\u0119ty.<\/li>\n<li>Wymiary: 17x17x6 cm (1,25L.)<\/li>\n<\/ul>\n","protected":false},"featured_media":17931,"comment_status":"open","ping_status":"closed","template":"","meta":{"inline_featured_image":false},"product_brand":[],"product_cat":[1292],"product_tag":[1424],"class_list":{"0":"post-17932","1":"product","2":"type-product","3":"status-publish","4":"has-post-thumbnail","6":"product_cat-pudelka-organizery-2","7":"product_tag-pudelka-organizery","9":"first","10":"instock","11":"taxable","12":"shipping-taxable","13":"purchasable","14":"product-type-simple"},"_links":{"self":[{"href":"https:\/\/pasjawedkarstwa.pl\/index.php?rest_route=\/wp\/v2\/product\/17932","targetHints":{"allow":["GET"]}}],"collection":[{"href":"https:\/\/pasjawedkarstwa.pl\/index.php?rest_route=\/wp\/v2\/product"}],"about":[{"href":"https:\/\/pasjawedkarstwa.pl\/index.php?rest_route=\/wp\/v2\/types\/product"}],"replies":[{"embeddable":true,"href":"https:\/\/pasjawedkarstwa.pl\/index.php?rest_route=%2Fwp%2Fv2%2Fcomments&post=17932"}],"wp:featuredmedia":[{"embeddable":true,"href":"https:\/\/pasjawedkarstwa.pl\/index.php?rest_route=\/wp\/v2\/media\/17931"}],"wp:attachment":[{"href":"https:\/\/pasjawedkarstwa.pl\/index.php?rest_route=%2Fwp%2Fv2%2Fmedia&parent=17932"}],"wp:term":[{"taxonomy":"product_brand","embeddable":true,"href":"https:\/\/pasjawedkarstwa.pl\/index.php?rest_route=%2Fwp%2Fv2%2Fproduct_brand&post=17932"},{"taxonomy":"product_cat","embeddable":true,"href":"https:\/\/pasjawedkarstwa.pl\/index.php?rest_route=%2Fwp%2Fv2%2Fproduct_cat&post=17932"},{"taxonomy":"product_tag","embeddable":true,"href":"https:\/\/pasjawedkarstwa.pl\/index.php?rest_route=%2Fwp%2Fv2%2Fproduct_tag&post=17932"}],"curies":[{"name":"wp","href":"https:\/\/api.w.org\/{rel}","templated":true}]}}